{"id":8,"date":"2024-03-14T22:34:34","date_gmt":"2024-03-14T21:34:34","guid":{"rendered":"https:\/\/lab-briey.fr\/mediatheques\/?page_id=8"},"modified":"2024-04-02T15:51:36","modified_gmt":"2024-04-02T13:51:36","slug":"accueil","status":"publish","type":"page","link":"https:\/\/lab-briey.fr\/mediatheques\/","title":{"rendered":"Accueil"},"content":{"rendered":"\n<p><strong><mark style=\"background-color:rgba(0, 0, 0, 0)\" class=\"has-inline-color has-luminous-vivid-orange-color\">Au cours du mois de f\u00e9vrier, les \u00e9coles de Val de Briey ont particip\u00e9 au concours de dessin \u00ab\u00a0Mois du num\u00e9rique\u00a0\u00bb organis\u00e9 par les M\u00e9diath\u00e8ques de Val de Briey<\/mark><mark style=\"background-color:rgba(0, 0, 0, 0)\" class=\"has-inline-color has-vivid-red-color\">.\u00a0<\/mark><\/strong><\/p>\n\n\n\n<p><\/p>\n\n\n\n<p>Voici les th\u00e8mes sur lesquels ils ont travaill\u00e9 : <\/p>\n\n\n\n<p><strong>GS\/CP&nbsp;: Le robot du futur&nbsp;<\/strong><\/p>\n\n\n\n<p><strong>CE1\/CE2&nbsp;: Imagine un objet connect\u00e9&nbsp;<\/strong><\/p>\n\n\n\n<p><strong>CM1\/CM2&nbsp;: Invente ton jeu vid\u00e9o<\/strong>&nbsp;<\/p>\n\n\n\n<p>Les laur\u00e9ats recevront prochainement leur invitation \u00e0 la remise des prix le 16 avril (Biblioth\u00e8que de Briey pour les \u00e9coles Saint Exup\u00e9ry, Jacques Pr\u00e9vert et Louis Pergaud) et le 17 avril (Biblioth\u00e8que de Mancieulles pour l&rsquo;\u00e9cole Herv\u00e9 Bazin).<\/p>\n\n\n\n<p>Vous pouvez d&rsquo;ores et d\u00e9j\u00e0 d\u00e9couvrir le palmar\u00e8s sur ce site.<\/p>\n\n\n\n<p><\/p>\n\n\n\n<p><\/p>\n","protected":false},"excerpt":{"rendered":"<p>Au cours du mois de f\u00e9vrier, les \u00e9coles de Val de Briey ont particip\u00e9 au concours de dessin \u00ab\u00a0Mois du num\u00e9rique\u00a0\u00bb organis\u00e9 par les M\u00e9diath\u00e8ques de Val de Briey.\u00a0 Voici les th\u00e8mes sur lesquels ils ont travaill\u00e9 : GS\/CP&nbsp;: Le robot du futur&nbsp; CE1\/CE2&nbsp;: Imagine un objet connect\u00e9&nbsp; CM1\/CM2&nbsp;: Invente ton jeu vid\u00e9o&nbsp; Les laur\u00e9ats &hellip; <\/p>\n","protected":false},"author":1,"featured_media":0,"parent":0,"menu_order":0,"comment_status":"closed","ping_status":"closed","template":"","meta":{"footnotes":""},"class_list":["post-8","page","type-page","status-publish","hentry"],"_links":{"self":[{"href":"https:\/\/lab-briey.fr\/mediatheques\/wp-json\/wp\/v2\/pages\/8","targetHints":{"allow":["GET"]}}],"collection":[{"href":"https:\/\/lab-briey.fr\/mediatheques\/wp-json\/wp\/v2\/pages"}],"about":[{"href":"https:\/\/lab-briey.fr\/mediatheques\/wp-json\/wp\/v2\/types\/page"}],"author":[{"embeddable":true,"href":"https:\/\/lab-briey.fr\/mediatheques\/wp-json\/wp\/v2\/users\/1"}],"replies":[{"embeddable":true,"href":"https:\/\/lab-briey.fr\/mediatheques\/wp-json\/wp\/v2\/comments?post=8"}],"version-history":[{"count":4,"href":"https:\/\/lab-briey.fr\/mediatheques\/wp-json\/wp\/v2\/pages\/8\/revisions"}],"predecessor-version":[{"id":445,"href":"https:\/\/lab-briey.fr\/mediatheques\/wp-json\/wp\/v2\/pages\/8\/revisions\/445"}],"wp:attachment":[{"href":"https:\/\/lab-briey.fr\/mediatheques\/wp-json\/wp\/v2\/media?parent=8"}],"curies":[{"name":"wp","href":"https:\/\/api.w.org\/{rel}","templated":true}]}}